{"id":14,"date":"2024-01-01T20:27:53","date_gmt":"2024-01-01T23:27:53","guid":{"rendered":"https:\/\/taniadolci.com.br\/?page_id=14"},"modified":"2024-01-29T18:43:34","modified_gmt":"2024-01-29T21:43:34","slug":"faca-as-pazes-com-a-ansiedade","status":"publish","type":"page","link":"https:\/\/taniadolci.com.br\/","title":{"rendered":"Fa\u00e7a as pazes com a Ansiedade"},"content":{"rendered":"<style>\/*! elementor - v3.18.0 - 08-12-2023 *\/\n.elementor-heading-title{padding:0;margin:0;line-height:1}.elementor-widget-heading .elementor-heading-title[class*=elementor-size-]>a{color:inherit;font-size:inherit;line-height:inherit}.elementor-widget-heading .elementor-heading-title.elementor-size-small{font-size:15px}.elementor-widget-heading .elementor-heading-title.elementor-size-medium{font-size:19px}.elementor-widget-heading .elementor-heading-title.elementor-size-large{font-size:29px}.elementor-widget-heading .elementor-heading-title.elementor-size-xl{font-size:39px}.elementor-widget-heading .elementor-heading-title.elementor-size-xxl{font-size:59px}<\/style>\n<h2>Liberte-se da Ansiedade: <tit>Baixe Gratuitamente Meu Ebook!<br \/>\n<\/h2>\n<p>J\u00e1 se sentiu ref\u00e9m da ansiedade, desejando encontrar uma rota para a paz interior? Apresento a voc\u00ea o ebook &#8216;<strong>Fa\u00e7a as Pazes com a Ansiedade<\/strong>&#8216;, um guia repleto de insights e pr\u00e1ticas para transformar sua rela\u00e7\u00e3o com essa experi\u00eancia\u00a0desafiadora.<\/p>\n<p>\t\t\t<a role=\"button\"><br \/>\n\t\t\t\t<svg aria-hidden=\"true\" viewBox=\"0 0 448 512\" xmlns=\"http:\/\/www.w3.org\/2000\/svg\"><path d=\"M448 360V24c0-13.3-10.7-24-24-24H96C43 0 0 43 0 96v320c0 53 43 96 96 96h328c13.3 0 24-10.7 24-24v-16c0-7.5-3.5-14.3-8.9-18.7-4.2-15.4-4.2-59.3 0-74.7 5.4-4.3 8.9-11.1 8.9-18.6zM128 134c0-3.3 2.7-6 6-6h212c3.3 0 6 2.7 6 6v20c0 3.3-2.7 6-6 6H134c-3.3 0-6-2.7-6-6v-20zm0 64c0-3.3 2.7-6 6-6h212c3.3 0 6 2.7 6 6v20c0 3.3-2.7 6-6 6H134c-3.3 0-6-2.7-6-6v-20zm253.4 250H96c-17.7 0-32-14.3-32-32 0-17.6 14.4-32 32-32h285.4c-1.9 17.1-1.9 46.9 0 64z\"><\/path><\/svg><br \/>\n\t\t\t\t\t\tADQUIRIR O EBOOK AGORA<br \/>\n\t\t\t\t\t<\/a><\/p>\n<h2>O que voc\u00ea encontrar\u00e1 neste guia essencial:<br \/>\n<\/h2>\n<style>\/*! elementor - v3.18.0 - 08-12-2023 *\/\n.elementor-widget-image{text-align:center}.elementor-widget-image a{display:inline-block}.elementor-widget-image a img[src$=\".svg\"]{width:48px}.elementor-widget-image img{vertical-align:middle;display:inline-block}<\/style>\n<p>\t\t\t\t\t\t\t\t\t\t\t\t<img loading=\"lazy\" decoding=\"async\" width=\"512\" height=\"512\" src=\"https:\/\/taniadolci.com.br\/wp-content\/uploads\/2024\/01\/medo.png\" alt=\"\" srcset=\"https:\/\/taniadolci.com.br\/wp-content\/uploads\/2024\/01\/medo.png 512w, https:\/\/taniadolci.com.br\/wp-content\/uploads\/2024\/01\/medo-300x300.png 300w, https:\/\/taniadolci.com.br\/wp-content\/uploads\/2024\/01\/medo-150x150.png 150w\" sizes=\"auto, (max-width: 512px) 100vw, 512px\" \/>\t\t\t\t\t\t\t\t\t\t\t\t\t\t\t<\/p>\n<h2>Compreens\u00e3o da Ansiedade<\/h2>\n<p>\t\tDesvende os fatores que desencadeiam a ansiedade, ganhando clareza sobre o que influencia suas emo\u00e7\u00f5es, seja a ansiedade comum ou patol\u00f3gica.<br \/>\n\t\t\t\t\t\t\t\t\t\t\t\t\t\t\t<img loading=\"lazy\" decoding=\"async\" width=\"512\" height=\"512\" src=\"https:\/\/taniadolci.com.br\/wp-content\/uploads\/2024\/01\/fisiologia.png\" alt=\"\" srcset=\"https:\/\/taniadolci.com.br\/wp-content\/uploads\/2024\/01\/fisiologia.png 512w, https:\/\/taniadolci.com.br\/wp-content\/uploads\/2024\/01\/fisiologia-300x300.png 300w, https:\/\/taniadolci.com.br\/wp-content\/uploads\/2024\/01\/fisiologia-150x150.png 150w\" sizes=\"auto, (max-width: 512px) 100vw, 512px\" \/>\t\t\t\t\t\t\t\t\t\t\t\t\t\t\t<\/p>\n<h2>Reconhecimento dos Sintomas<\/h2>\n<p>\t\tAprenda a identificar e compreender os sinais da ansiedade, capacitando-se para uma abordagem proativa e eficaz.<br \/>\n\t\t\t\t\t\t\t\t\t\t\t\t\t\t\t<img loading=\"lazy\" decoding=\"async\" width=\"512\" height=\"512\" src=\"https:\/\/taniadolci.com.br\/wp-content\/uploads\/2024\/01\/consciencia.png\" alt=\"\" srcset=\"https:\/\/taniadolci.com.br\/wp-content\/uploads\/2024\/01\/consciencia.png 512w, https:\/\/taniadolci.com.br\/wp-content\/uploads\/2024\/01\/consciencia-300x300.png 300w, https:\/\/taniadolci.com.br\/wp-content\/uploads\/2024\/01\/consciencia-150x150.png 150w\" sizes=\"auto, (max-width: 512px) 100vw, 512px\" \/>\t\t\t\t\t\t\t\t\t\t\t\t\t\t\t<\/p>\n<h2>Jornada de Autoconhecimento<\/h2>\n<p>\t\tExplore ferramentas que promovem o autoconhecimento, permitindo uma conex\u00e3o mais profunda consigo mesmo.<br \/>\n\t\t\t\t\t\t\t\t\t\t\t\t\t\t\t<img loading=\"lazy\" decoding=\"async\" width=\"512\" height=\"512\" src=\"https:\/\/taniadolci.com.br\/wp-content\/uploads\/2024\/01\/multitarefa.png\" alt=\"\" srcset=\"https:\/\/taniadolci.com.br\/wp-content\/uploads\/2024\/01\/multitarefa.png 512w, https:\/\/taniadolci.com.br\/wp-content\/uploads\/2024\/01\/multitarefa-300x300.png 300w, https:\/\/taniadolci.com.br\/wp-content\/uploads\/2024\/01\/multitarefa-150x150.png 150w\" sizes=\"auto, (max-width: 512px) 100vw, 512px\" \/>\t\t\t\t\t\t\t\t\t\t\t\t\t\t\t<\/p>\n<h2>Foco, N\u00e3o Multitarefa<\/h2>\n<p>\t\tDescubra por que desacelerar e focar em uma tarefa por vez \u00e9 essencial para reduzir a ansiedade e melhorar a qualidade de vida.<br \/>\n\t\t\t\t\t\t\t\t\t\t\t\t\t\t\t<img loading=\"lazy\" decoding=\"async\" width=\"512\" height=\"512\" src=\"https:\/\/taniadolci.com.br\/wp-content\/uploads\/2024\/01\/pensando.png\" alt=\"\" srcset=\"https:\/\/taniadolci.com.br\/wp-content\/uploads\/2024\/01\/pensando.png 512w, https:\/\/taniadolci.com.br\/wp-content\/uploads\/2024\/01\/pensando-300x300.png 300w, https:\/\/taniadolci.com.br\/wp-content\/uploads\/2024\/01\/pensando-150x150.png 150w\" sizes=\"auto, (max-width: 512px) 100vw, 512px\" \/>\t\t\t\t\t\t\t\t\t\t\t\t\t\t\t<\/p>\n<h2>Compreenda seus Pensamentos<\/h2>\n<p>\t\tDesenvolva habilidades para explorar pensamentos negativos, transformando-os em oportunidades de crescimento pessoal por meio da reflex\u00e3o e uma compreens\u00e3o mais profunda.<br \/>\n\t\t\t\t\t\t\t\t\t\t\t\t\t\t\t<img loading=\"lazy\" decoding=\"async\" width=\"512\" height=\"512\" src=\"https:\/\/taniadolci.com.br\/wp-content\/uploads\/2024\/01\/solucao-de-problemas.png\" alt=\"\" srcset=\"https:\/\/taniadolci.com.br\/wp-content\/uploads\/2024\/01\/solucao-de-problemas.png 512w, https:\/\/taniadolci.com.br\/wp-content\/uploads\/2024\/01\/solucao-de-problemas-300x300.png 300w, https:\/\/taniadolci.com.br\/wp-content\/uploads\/2024\/01\/solucao-de-problemas-150x150.png 150w\" sizes=\"auto, (max-width: 512px) 100vw, 512px\" \/>\t\t\t\t\t\t\t\t\t\t\t\t\t\t\t<\/p>\n<h2>Estrat\u00e9gias Pr\u00e1ticas<\/h2>\n<p>\t\tReceba orienta\u00e7\u00f5es pr\u00e1ticas e eficazes para lidar com a ansiedade no dia a dia, proporcionando uma abordagem hol\u00edstica para o seu bem-estar emocional.<br \/>\n\t\t\t\t\t\t\t\t\t\t\t\t\t\t\t<img loading=\"lazy\" decoding=\"async\" width=\"600\" height=\"669\" src=\"https:\/\/taniadolci.com.br\/wp-content\/uploads\/2024\/01\/60.jpg\" alt=\"\" srcset=\"https:\/\/taniadolci.com.br\/wp-content\/uploads\/2024\/01\/60.jpg 600w, https:\/\/taniadolci.com.br\/wp-content\/uploads\/2024\/01\/60-269x300.jpg 269w\" sizes=\"auto, (max-width: 600px) 100vw, 600px\" \/>\t\t\t\t\t\t\t\t\t\t\t\t\t\t\t<\/p>\n<h2> Ao baixar meu ebook, voc\u00ea ter\u00e1 acesso a:<\/h2>\n<link rel=\"stylesheet\" href=\"https:\/\/taniadolci.com.br\/wp-content\/uploads\/elementor\/css\/custom-widget-icon-list.min.css?ver=1705639788\">\n<ul>\n<li>\n\t\t\t\t\t\t\t<svg aria-hidden=\"true\" viewBox=\"0 0 512 512\" xmlns=\"http:\/\/www.w3.org\/2000\/svg\"><path d=\"M173.898 439.404l-166.4-166.4c-9.997-9.997-9.997-26.206 0-36.204l36.203-36.204c9.997-9.998 26.207-9.998 36.204 0L192 312.69 432.095 72.596c9.997-9.997 26.207-9.997 36.204 0l36.203 36.204c9.997 9.997 9.997 26.206 0 36.204l-294.4 294.401c-9.998 9.997-26.207 9.997-36.204-.001z\"><\/path><\/svg><br \/>\n\t\t\t\t\t\t\t\t\t\tMinha hist\u00f3ria pessoal e jornada com a ansiedade.\n\t\t\t\t\t\t\t\t\t<\/li>\n<li>\n\t\t\t\t\t\t\t<svg aria-hidden=\"true\" viewBox=\"0 0 512 512\" xmlns=\"http:\/\/www.w3.org\/2000\/svg\"><path d=\"M173.898 439.404l-166.4-166.4c-9.997-9.997-9.997-26.206 0-36.204l36.203-36.204c9.997-9.998 26.207-9.998 36.204 0L192 312.69 432.095 72.596c9.997-9.997 26.207-9.997 36.204 0l36.203 36.204c9.997 9.997 9.997 26.206 0 36.204l-294.4 294.401c-9.998 9.997-26.207 9.997-36.204-.001z\"><\/path><\/svg><br \/>\n\t\t\t\t\t\t\t\t\t\tDicas pr\u00e1ticas para aplicar no seu dia a dia.\n\t\t\t\t\t\t\t\t\t<\/li>\n<li>\n\t\t\t\t\t\t\t<svg aria-hidden=\"true\" viewBox=\"0 0 512 512\" xmlns=\"http:\/\/www.w3.org\/2000\/svg\"><path d=\"M173.898 439.404l-166.4-166.4c-9.997-9.997-9.997-26.206 0-36.204l36.203-36.204c9.997-9.998 26.207-9.998 36.204 0L192 312.69 432.095 72.596c9.997-9.997 26.207-9.997 36.204 0l36.203 36.204c9.997 9.997 9.997 26.206 0 36.204l-294.4 294.401c-9.998 9.997-26.207 9.997-36.204-.001z\"><\/path><\/svg><br \/>\n\t\t\t\t\t\t\t\t\t\tExerc\u00edcios simples para reduzir o estresse.\n\t\t\t\t\t\t\t\t\t<\/li>\n<li>\n\t\t\t\t\t\t\t<svg aria-hidden=\"true\" viewBox=\"0 0 512 512\" xmlns=\"http:\/\/www.w3.org\/2000\/svg\"><path d=\"M173.898 439.404l-166.4-166.4c-9.997-9.997-9.997-26.206 0-36.204l36.203-36.204c9.997-9.998 26.207-9.998 36.204 0L192 312.69 432.095 72.596c9.997-9.997 26.207-9.997 36.204 0l36.203 36.204c9.997 9.997 9.997 26.206 0 36.204l-294.4 294.401c-9.998 9.997-26.207 9.997-36.204-.001z\"><\/path><\/svg><br \/>\n\t\t\t\t\t\t\t\t\t\tMet\u00e1foras inspiradoras para reflex\u00e3o e mudan\u00e7a.\n\t\t\t\t\t\t\t\t\t<\/li>\n<li>\n\t\t\t\t\t\t\t<svg aria-hidden=\"true\" viewBox=\"0 0 512 512\" xmlns=\"http:\/\/www.w3.org\/2000\/svg\"><path d=\"M173.898 439.404l-166.4-166.4c-9.997-9.997-9.997-26.206 0-36.204l36.203-36.204c9.997-9.998 26.207-9.998 36.204 0L192 312.69 432.095 72.596c9.997-9.997 26.207-9.997 36.204 0l36.203 36.204c9.997 9.997 9.997 26.206 0 36.204l-294.4 294.401c-9.998 9.997-26.207 9.997-36.204-.001z\"><\/path><\/svg><br \/>\n\t\t\t\t\t\t\t\t\t\tRecursos adicionais para sustentar seu caminho de transforma\u00e7\u00e3o.\n\t\t\t\t\t\t\t\t\t<\/li>\n<\/ul>\n<p>N\u00e3o perca a oportunidade de dar o primeiro passo em dire\u00e7\u00e3o a uma <strong>vida mais serena e equilibrada<\/strong>. Fa\u00e7a o download gratuito agora e inicie sua jornada de paz interior.<\/p>\n<p>\t\t\t<a role=\"button\"><br \/>\n\t\t\t\t<svg aria-hidden=\"true\" viewBox=\"0 0 576 512\" xmlns=\"http:\/\/www.w3.org\/2000\/svg\"><path d=\"M546.2 9.7c-5.6-12.5-21.6-13-28.3-1.2C486.9 62.4 431.4 96 368 96h-80C182 96 96 182 96 288c0 7 .8 13.7 1.5 20.5C161.3 262.8 253.4 224 384 224c8.8 0 16 7.2 16 16s-7.2 16-16 16C132.6 256 26 410.1 2.4 468c-6.6 16.3 1.2 34.9 17.5 41.6 16.4 6.8 35-1.1 41.8-17.3 1.5-3.6 20.9-47.9 71.9-90.6 32.4 43.9 94 85.8 174.9 77.2C465.5 467.5 576 326.7 576 154.3c0-50.2-10.8-102.2-29.8-144.6z\"><\/path><\/svg><br \/>\n\t\t\t\t\t\tClique aqui para baixar<br \/>\n\t\t\t\t\t<\/a><\/p>\n<h2>A ansiedade n\u00e3o precisa mais ser um obst\u00e1culo. Juntos, vamos transformar desafios em oportunidades de crescimento pessoal.<\/h2>\n<p>\t\t\t<a href=\"https:\/\/api.whatsapp.com\/send?phone=554196380645&#038;text=Ol%C3%A1!%20Vi%20a%20p%C3%A1gina%20do%20seu%20Ebook%20e%20gostaria%20de%20mais%20algumas%20informa%C3%A7%C3%B5es...\"><br \/>\n\t\t\t\t<svg aria-hidden=\"true\" viewBox=\"0 0 448 512\" xmlns=\"http:\/\/www.w3.org\/2000\/svg\"><path d=\"M380.9 97.1C339 55.1 283.2 32 223.9 32c-122.4 0-222 99.6-222 222 0 39.1 10.2 77.3 29.6 111L0 480l117.7-30.9c32.4 17.7 68.9 27 106.1 27h.1c122.3 0 224.1-99.6 224.1-222 0-59.3-25.2-115-67.1-157zm-157 341.6c-33.2 0-65.7-8.9-94-25.7l-6.7-4-69.8 18.3L72 359.2l-4.4-7c-18.5-29.4-28.2-63.3-28.2-98.2 0-101.7 82.8-184.5 184.6-184.5 49.3 0 95.6 19.2 130.4 54.1 34.8 34.9 56.2 81.2 56.1 130.5 0 101.8-84.9 184.6-186.6 184.6zm101.2-138.2c-5.5-2.8-32.8-16.2-37.9-18-5.1-1.9-8.8-2.8-12.5 2.8-3.7 5.6-14.3 18-17.6 21.8-3.2 3.7-6.5 4.2-12 1.4-32.6-16.3-54-29.1-75.5-66-5.7-9.8 5.7-9.1 16.3-30.3 1.8-3.7.9-6.9-.5-9.7-1.4-2.8-12.5-30.1-17.1-41.2-4.5-10.8-9.1-9.3-12.5-9.5-3.2-.2-6.9-.2-10.6-.2-3.7 0-9.7 1.4-14.8 6.9-5.1 5.6-19.4 19-19.4 46.3 0 27.3 19.9 53.7 22.6 57.4 2.8 3.7 39.1 59.7 94.8 83.8 35.2 15.2 49 16.5 66.6 13.9 10.7-1.6 32.8-13.4 37.4-26.4 4.6-13 4.6-24.1 3.2-26.4-1.3-2.5-5-3.9-10.5-6.6z\"><\/path><\/svg><br \/>\n\t\t\t\t\t\tEntrar em Contato<br \/>\n\t\t\t\t\t<\/a><br \/>\n\t\tEste \u00e9 meu contato. Estou aqui para apoiar voc\u00ea!<br \/>\n\t\t\t\t\t\t\t\t\t\t\t\t\t\t\t<img loading=\"lazy\" decoding=\"async\" width=\"800\" height=\"401\" src=\"https:\/\/taniadolci.com.br\/wp-content\/uploads\/2024\/01\/LOGO-1024x513.png\" alt=\"\" srcset=\"https:\/\/taniadolci.com.br\/wp-content\/uploads\/2024\/01\/LOGO-1024x513.png 1024w, https:\/\/taniadolci.com.br\/wp-content\/uploads\/2024\/01\/LOGO-300x150.png 300w, https:\/\/taniadolci.com.br\/wp-content\/uploads\/2024\/01\/LOGO-768x385.png 768w, https:\/\/taniadolci.com.br\/wp-content\/uploads\/2024\/01\/LOGO-1536x770.png 1536w, https:\/\/taniadolci.com.br\/wp-content\/uploads\/2024\/01\/LOGO.png 1790w\" sizes=\"auto, (max-width: 800px) 100vw, 800px\" \/><br \/>\n\t\tTodos os direitos reservados<\/p>\n","protected":false},"excerpt":{"rendered":"<p>Liberte-se da Ansiedade: Baixe Gratuitamente Meu Ebook! J\u00e1 se sentiu ref\u00e9m da ansiedade, desejando encontrar uma rota para a paz interior? Apresento a voc\u00ea o ebook &#8216;Fa\u00e7a as Pazes com a Ansiedade&#8216;, um guia repleto de insights e pr\u00e1ticas para transformar sua rela\u00e7\u00e3o com essa experi\u00eancia\u00a0desafiadora. ADQUIRIR O EBOOK AGORA O que voc\u00ea encontrar\u00e1 neste &hellip; <\/p>\n<p class=\"link-more\"><a href=\"https:\/\/taniadolci.com.br\/\" class=\"more-link\">Continue reading<span class=\"screen-reader-text\"> &#8220;Fa\u00e7a as pazes com a Ansiedade&#8221;<\/span><\/a><\/p>\n","protected":false},"author":1,"featured_media":0,"parent":0,"menu_order":0,"comment_status":"closed","ping_status":"closed","template":"elementor_canvas","meta":{"footnotes":""},"class_list":["post-14","page","type-page","status-publish","hentry"],"_links":{"self":[{"href":"https:\/\/taniadolci.com.br\/index.php?rest_route=\/wp\/v2\/pages\/14","targetHints":{"allow":["GET"]}}],"collection":[{"href":"https:\/\/taniadolci.com.br\/index.php?rest_route=\/wp\/v2\/pages"}],"about":[{"href":"https:\/\/taniadolci.com.br\/index.php?rest_route=\/wp\/v2\/types\/page"}],"author":[{"embeddable":true,"href":"https:\/\/taniadolci.com.br\/index.php?rest_route=\/wp\/v2\/users\/1"}],"replies":[{"embeddable":true,"href":"https:\/\/taniadolci.com.br\/index.php?rest_route=%2Fwp%2Fv2%2Fcomments&post=14"}],"version-history":[{"count":322,"href":"https:\/\/taniadolci.com.br\/index.php?rest_route=\/wp\/v2\/pages\/14\/revisions"}],"predecessor-version":[{"id":475,"href":"https:\/\/taniadolci.com.br\/index.php?rest_route=\/wp\/v2\/pages\/14\/revisions\/475"}],"wp:attachment":[{"href":"https:\/\/taniadolci.com.br\/index.php?rest_route=%2Fwp%2Fv2%2Fmedia&parent=14"}],"curies":[{"name":"wp","href":"https:\/\/api.w.org\/{rel}","templated":true}]}}